{"id":73,"date":"2025-05-22T15:26:57","date_gmt":"2025-05-22T15:26:57","guid":{"rendered":"https:\/\/nestorgaetan.com\/?page_id=73"},"modified":"2025-05-22T20:08:11","modified_gmt":"2025-05-22T20:08:11","slug":"biografia","status":"publish","type":"page","link":"https:\/\/nestorgaetan.com\/en\/biografia\/","title":{"rendered":"Biography"},"content":{"rendered":"<div data-elementor-type=\"wp-page\" data-elementor-id=\"73\" class=\"elementor elementor-73\" data-elementor-post-type=\"page\">\n\t\t\t\t<div class=\"elementor-element elementor-element-0a767dc e-flex e-con-boxed e-con e-parent\" data-id=\"0a767dc\" data-element_type=\"container\" data-e-type=\"container\" data-settings=\"{&quot;background_background&quot;:&quot;classic&quot;}\">\n\t\t\t\t\t<div class=\"e-con-inner\">\n\t\t\t\t\t<\/div>\n\t\t\t\t<\/div>\n\t\t<div class=\"elementor-element elementor-element-63388d7 e-flex e-con-boxed e-con e-parent\" data-id=\"63388d7\" data-element_type=\"container\" data-e-type=\"container\">\n\t\t\t\t\t<div class=\"e-con-inner\">\n\t\t\t\t<div class=\"elementor-element elementor-element-561e934 elementor-widget elementor-widget-heading\" data-id=\"561e934\" data-element_type=\"widget\" data-e-type=\"widget\" data-widget_type=\"heading.default\">\n\t\t\t\t<div class=\"elementor-widget-container\">\n\t\t\t\t\t<h2 class=\"elementor-heading-title elementor-size-default\">BIOGRAPHY<\/h2>\t\t\t\t<\/div>\n\t\t\t\t<\/div>\n\t\t\t\t<div class=\"elementor-element elementor-element-fd368c7 elementor-widget elementor-widget-text-editor\" data-id=\"fd368c7\" data-element_type=\"widget\" data-e-type=\"widget\" data-widget_type=\"text-editor.default\">\n\t\t\t\t<div class=\"elementor-widget-container\">\n\t\t\t\t\t\t\t\t\t<p>Partly descended from the indigenous Diaguita tribes (who lived from the 8th to 16th Centuries in parts of what are now known as Argentina and Chile): Nestor has learned that some of his ancestors served their communities as healers and intuitive advisors.<\/p>\n<p>He had his first \u201cvision\u201d at the age of ten, foreseeing the violent \u2018Junta\u2019 that would terrorize Argentina following Juan Per\u00f3n\u2019s death<\/p>\n<p>His visions continue to this day. Since childhood, he has also been able to determine when people were hiding the truth from him, which has helped N\u00e9stor and his client\u2019s innumerable times, in the years since.<\/p>\n<p>These natural abilities were augmented when, as a young teenager, he entered a Brazilian\/African Spiritual Temple in Argentina and was introduced to the living Gods of Africa in the Americas.<\/p><p>Upon arrival in Toronto as a young adult in 1988, without knowing a word of English, Nestor established a practice as a spiritual advisor in the local Spanish-speaking community. Word-of-mouth expanded his practice to the extent that The Toronto Star wrote an article in 1996 telling the story of his now successful and renowned practice in that city.<\/p>\n<p>He continued to develop his expertise and ability to help clients, with the completion of a Bachelor of Sociology at the University of Toronto, in 2003.<\/p>\n<p>Eventually, Nestor\u2019s accomplishments expanded beyond his practice as a Visionary, Intuitive and Inspirational Counsellor.<\/p>\n<p>He added work as a radio producer at Ondas Hispanas Radio &amp; 1610 AM, as the creator and host of Speaking with an Accent on 1610 AM\u2019s Radio Voces Latinas, and he also acts as a creative and strategic advisor for filmmakers. Continually growing and expanding his skills, Nestor answered the call to actively continue on his spiritual journey.<\/p>\n<p>Following in the steps of his Diaguita great-grandmother, he began traveling the \u201cInca Trail\u201d, going through Argentina, Bolivia and Peru, providing the impoverished residents of the countryside with his traditional healing practices, and honing his skills even further.<\/p>\n<p>Nestor is based in Toronto, Canada, traveling to other places when necessary. He continues his work with clients from many places around the world, as well as many from three generations of the same families limitless of geographical locations.<\/p>\t\t\t\t\t\t\t\t<\/div>\n\t\t\t\t<\/div>\n\t\t\t\t\t<\/div>\n\t\t\t\t<\/div>\n\t\t\t\t<\/div>","protected":false},"excerpt":{"rendered":"<p>BIOGRAF\u00cdA N\u00e9stor Gaet\u00e1n es soci\u00f3logo y trabaja como consejero. Es visionario y se basa en la intuici\u00f3n e inspiraci\u00f3n. Hace m\u00e1s de cuarenta a\u00f1os que lee las cartas de tarot y hace sanaciones con rituales afro-sudamericanos. Con estas artes, \u00e9l ayuda a sus clientes a clarificar sus vidas utilizando sus capacidades como visionario, proveyendo consejos [&hellip;]<\/p>\n","protected":false},"author":1,"featured_media":0,"parent":0,"menu_order":0,"comment_status":"closed","ping_status":"closed","template":"","meta":{"footnotes":""},"class_list":["post-73","page","type-page","status-publish","hentry"],"yoast_head":"<!-- This site is optimized with the Yoast SEO plugin v27.3 - https:\/\/yoast.com\/product\/yoast-seo-wordpress\/ -->\n<title>Biograf\u00eda - N\u00e9stor Gaet\u00e1n<\/title>\n<meta name=\"robots\" content=\"index, follow, max-snippet:-1, max-image-preview:large, max-video-preview:-1\" \/>\n<link rel=\"canonical\" href=\"https:\/\/nestorgaetan.com\/en\/biografia\/\" \/>\n<meta property=\"og:locale\" content=\"en_US\" \/>\n<meta property=\"og:type\" content=\"article\" \/>\n<meta property=\"og:title\" content=\"Biograf\u00eda - N\u00e9stor Gaet\u00e1n\" \/>\n<meta property=\"og:description\" content=\"BIOGRAF\u00cdA N\u00e9stor Gaet\u00e1n es soci\u00f3logo y trabaja como consejero. Es visionario y se basa en la intuici\u00f3n e inspiraci\u00f3n. Hace m\u00e1s de cuarenta a\u00f1os que lee las cartas de tarot y hace sanaciones con rituales afro-sudamericanos. Con estas artes, \u00e9l ayuda a sus clientes a clarificar sus vidas utilizando sus capacidades como visionario, proveyendo consejos [&hellip;]\" \/>\n<meta property=\"og:url\" content=\"https:\/\/nestorgaetan.com\/en\/biografia\/\" \/>\n<meta property=\"og:site_name\" content=\"N\u00e9stor Gaet\u00e1n\" \/>\n<meta property=\"article:publisher\" content=\"https:\/\/www.facebook.com\/nestor.gvision\" \/>\n<meta property=\"article:modified_time\" content=\"2025-05-22T20:08:11+00:00\" \/>\n<meta property=\"og:image\" content=\"https:\/\/nestorgaetan.com\/wp-content\/uploads\/2025\/05\/Spanishbanner01.jpg\" \/>\n\t<meta property=\"og:image:width\" content=\"1599\" \/>\n\t<meta property=\"og:image:height\" content=\"474\" \/>\n\t<meta property=\"og:image:type\" content=\"image\/jpeg\" \/>\n<meta name=\"twitter:card\" content=\"summary_large_image\" \/>\n<meta name=\"twitter:label1\" content=\"Est. reading time\" \/>\n\t<meta name=\"twitter:data1\" content=\"3 minutes\" \/>\n<script type=\"application\/ld+json\" class=\"yoast-schema-graph\">{\"@context\":\"https:\\\/\\\/schema.org\",\"@graph\":[{\"@type\":\"WebPage\",\"@id\":\"https:\\\/\\\/nestorgaetan.com\\\/en\\\/biografia\\\/\",\"url\":\"https:\\\/\\\/nestorgaetan.com\\\/en\\\/biografia\\\/\",\"name\":\"Biograf\u00eda - N\u00e9stor Gaet\u00e1n\",\"isPartOf\":{\"@id\":\"https:\\\/\\\/nestorgaetan.com\\\/#website\"},\"datePublished\":\"2025-05-22T15:26:57+00:00\",\"dateModified\":\"2025-05-22T20:08:11+00:00\",\"breadcrumb\":{\"@id\":\"https:\\\/\\\/nestorgaetan.com\\\/en\\\/biografia\\\/#breadcrumb\"},\"inLanguage\":\"en-US\",\"potentialAction\":[{\"@type\":\"ReadAction\",\"target\":[\"https:\\\/\\\/nestorgaetan.com\\\/en\\\/biografia\\\/\"]}]},{\"@type\":\"BreadcrumbList\",\"@id\":\"https:\\\/\\\/nestorgaetan.com\\\/en\\\/biografia\\\/#breadcrumb\",\"itemListElement\":[{\"@type\":\"ListItem\",\"position\":1,\"name\":\"Home\",\"item\":\"https:\\\/\\\/nestorgaetan.com\\\/\"},{\"@type\":\"ListItem\",\"position\":2,\"name\":\"Biograf\u00eda\"}]},{\"@type\":\"WebSite\",\"@id\":\"https:\\\/\\\/nestorgaetan.com\\\/#website\",\"url\":\"https:\\\/\\\/nestorgaetan.com\\\/\",\"name\":\"N\u00e9stor Gaet\u00e1n\",\"description\":\"\",\"publisher\":{\"@id\":\"https:\\\/\\\/nestorgaetan.com\\\/#organization\"},\"potentialAction\":[{\"@type\":\"SearchAction\",\"target\":{\"@type\":\"EntryPoint\",\"urlTemplate\":\"https:\\\/\\\/nestorgaetan.com\\\/?s={search_term_string}\"},\"query-input\":{\"@type\":\"PropertyValueSpecification\",\"valueRequired\":true,\"valueName\":\"search_term_string\"}}],\"inLanguage\":\"en-US\"},{\"@type\":\"Organization\",\"@id\":\"https:\\\/\\\/nestorgaetan.com\\\/#organization\",\"name\":\"N\u00e9stor Gaet\u00e1n\",\"url\":\"https:\\\/\\\/nestorgaetan.com\\\/\",\"logo\":{\"@type\":\"ImageObject\",\"inLanguage\":\"en-US\",\"@id\":\"https:\\\/\\\/nestorgaetan.com\\\/#\\\/schema\\\/logo\\\/image\\\/\",\"url\":\"https:\\\/\\\/nestorgaetan.com\\\/wp-content\\\/uploads\\\/2025\\\/05\\\/Spanishbanner01.jpg\",\"contentUrl\":\"https:\\\/\\\/nestorgaetan.com\\\/wp-content\\\/uploads\\\/2025\\\/05\\\/Spanishbanner01.jpg\",\"width\":1599,\"height\":474,\"caption\":\"N\u00e9stor Gaet\u00e1n\"},\"image\":{\"@id\":\"https:\\\/\\\/nestorgaetan.com\\\/#\\\/schema\\\/logo\\\/image\\\/\"},\"sameAs\":[\"https:\\\/\\\/www.facebook.com\\\/nestor.gvision\",\"https:\\\/\\\/instagram.com\\\/nestorgvision\"]}]}<\/script>\n<!-- \/ Yoast SEO plugin. -->","yoast_head_json":{"title":"Biograf\u00eda - N\u00e9stor Gaet\u00e1n","robots":{"index":"index","follow":"follow","max-snippet":"max-snippet:-1","max-image-preview":"max-image-preview:large","max-video-preview":"max-video-preview:-1"},"canonical":"https:\/\/nestorgaetan.com\/en\/biografia\/","og_locale":"en_US","og_type":"article","og_title":"Biograf\u00eda - N\u00e9stor Gaet\u00e1n","og_description":"BIOGRAF\u00cdA N\u00e9stor Gaet\u00e1n es soci\u00f3logo y trabaja como consejero. Es visionario y se basa en la intuici\u00f3n e inspiraci\u00f3n. Hace m\u00e1s de cuarenta a\u00f1os que lee las cartas de tarot y hace sanaciones con rituales afro-sudamericanos. Con estas artes, \u00e9l ayuda a sus clientes a clarificar sus vidas utilizando sus capacidades como visionario, proveyendo consejos [&hellip;]","og_url":"https:\/\/nestorgaetan.com\/en\/biografia\/","og_site_name":"N\u00e9stor Gaet\u00e1n","article_publisher":"https:\/\/www.facebook.com\/nestor.gvision","article_modified_time":"2025-05-22T20:08:11+00:00","og_image":[{"width":1599,"height":474,"url":"https:\/\/nestorgaetan.com\/wp-content\/uploads\/2025\/05\/Spanishbanner01.jpg","type":"image\/jpeg"}],"twitter_card":"summary_large_image","twitter_misc":{"Est. reading time":"3 minutes"},"schema":{"@context":"https:\/\/schema.org","@graph":[{"@type":"WebPage","@id":"https:\/\/nestorgaetan.com\/en\/biografia\/","url":"https:\/\/nestorgaetan.com\/en\/biografia\/","name":"Biograf\u00eda - N\u00e9stor Gaet\u00e1n","isPartOf":{"@id":"https:\/\/nestorgaetan.com\/#website"},"datePublished":"2025-05-22T15:26:57+00:00","dateModified":"2025-05-22T20:08:11+00:00","breadcrumb":{"@id":"https:\/\/nestorgaetan.com\/en\/biografia\/#breadcrumb"},"inLanguage":"en-US","potentialAction":[{"@type":"ReadAction","target":["https:\/\/nestorgaetan.com\/en\/biografia\/"]}]},{"@type":"BreadcrumbList","@id":"https:\/\/nestorgaetan.com\/en\/biografia\/#breadcrumb","itemListElement":[{"@type":"ListItem","position":1,"name":"Home","item":"https:\/\/nestorgaetan.com\/"},{"@type":"ListItem","position":2,"name":"Biograf\u00eda"}]},{"@type":"WebSite","@id":"https:\/\/nestorgaetan.com\/#website","url":"https:\/\/nestorgaetan.com\/","name":"Nestor Gaetan","description":"","publisher":{"@id":"https:\/\/nestorgaetan.com\/#organization"},"potentialAction":[{"@type":"SearchAction","target":{"@type":"EntryPoint","urlTemplate":"https:\/\/nestorgaetan.com\/?s={search_term_string}"},"query-input":{"@type":"PropertyValueSpecification","valueRequired":true,"valueName":"search_term_string"}}],"inLanguage":"en-US"},{"@type":"Organization","@id":"https:\/\/nestorgaetan.com\/#organization","name":"Nestor Gaetan","url":"https:\/\/nestorgaetan.com\/","logo":{"@type":"ImageObject","inLanguage":"en-US","@id":"https:\/\/nestorgaetan.com\/#\/schema\/logo\/image\/","url":"https:\/\/nestorgaetan.com\/wp-content\/uploads\/2025\/05\/Spanishbanner01.jpg","contentUrl":"https:\/\/nestorgaetan.com\/wp-content\/uploads\/2025\/05\/Spanishbanner01.jpg","width":1599,"height":474,"caption":"N\u00e9stor Gaet\u00e1n"},"image":{"@id":"https:\/\/nestorgaetan.com\/#\/schema\/logo\/image\/"},"sameAs":["https:\/\/www.facebook.com\/nestor.gvision","https:\/\/instagram.com\/nestorgvision"]}]}},"_links":{"self":[{"href":"https:\/\/nestorgaetan.com\/en\/wp-json\/wp\/v2\/pages\/73","targetHints":{"allow":["GET"]}}],"collection":[{"href":"https:\/\/nestorgaetan.com\/en\/wp-json\/wp\/v2\/pages"}],"about":[{"href":"https:\/\/nestorgaetan.com\/en\/wp-json\/wp\/v2\/types\/page"}],"author":[{"embeddable":true,"href":"https:\/\/nestorgaetan.com\/en\/wp-json\/wp\/v2\/users\/1"}],"replies":[{"embeddable":true,"href":"https:\/\/nestorgaetan.com\/en\/wp-json\/wp\/v2\/comments?post=73"}],"version-history":[{"count":16,"href":"https:\/\/nestorgaetan.com\/en\/wp-json\/wp\/v2\/pages\/73\/revisions"}],"predecessor-version":[{"id":153,"href":"https:\/\/nestorgaetan.com\/en\/wp-json\/wp\/v2\/pages\/73\/revisions\/153"}],"wp:attachment":[{"href":"https:\/\/nestorgaetan.com\/en\/wp-json\/wp\/v2\/media?parent=73"}],"curies":[{"name":"wp","href":"https:\/\/api.w.org\/{rel}","templated":true}]}}