{"id":106,"date":"2025-05-22T15:57:47","date_gmt":"2025-05-22T15:57:47","guid":{"rendered":"https:\/\/nestorgaetan.com\/?page_id=106"},"modified":"2025-05-23T13:41:58","modified_gmt":"2025-05-23T13:41:58","slug":"faq","status":"publish","type":"page","link":"https:\/\/nestorgaetan.com\/en\/faq\/","title":{"rendered":"FAQ"},"content":{"rendered":"<div data-elementor-type=\"wp-page\" data-elementor-id=\"106\" class=\"elementor elementor-106\" data-elementor-post-type=\"page\">\n\t\t\t\t<div class=\"elementor-element elementor-element-0a767dc e-flex e-con-boxed e-con e-parent\" data-id=\"0a767dc\" data-element_type=\"container\" data-e-type=\"container\" data-settings=\"{&quot;background_background&quot;:&quot;classic&quot;}\">\n\t\t\t\t\t<div class=\"e-con-inner\">\n\t\t\t\t\t<\/div>\n\t\t\t\t<\/div>\n\t\t<div class=\"elementor-element elementor-element-63388d7 e-flex e-con-boxed e-con e-parent\" data-id=\"63388d7\" data-element_type=\"container\" data-e-type=\"container\">\n\t\t\t\t\t<div class=\"e-con-inner\">\n\t\t\t\t<div class=\"elementor-element elementor-element-561e934 elementor-widget elementor-widget-heading\" data-id=\"561e934\" data-element_type=\"widget\" data-e-type=\"widget\" data-widget_type=\"heading.default\">\n\t\t\t\t<div class=\"elementor-widget-container\">\n\t\t\t\t\t<h2 class=\"elementor-heading-title elementor-size-default\">FAQ<\/h2>\t\t\t\t<\/div>\n\t\t\t\t<\/div>\n\t\t\t\t<div class=\"elementor-element elementor-element-fd368c7 elementor-widget elementor-widget-text-editor\" data-id=\"fd368c7\" data-element_type=\"widget\" data-e-type=\"widget\" data-widget_type=\"text-editor.default\">\n\t\t\t\t<div class=\"elementor-widget-container\">\n\t\t\t\t\t\t\t\t\t<p>Here are some of the questions you might have about Nestor:<\/p>\t\t\t\t\t\t\t\t<\/div>\n\t\t\t\t<\/div>\n\t\t\t\t<div class=\"elementor-element elementor-element-e831d52 elementor-widget elementor-widget-n-accordion\" data-id=\"e831d52\" data-element_type=\"widget\" data-e-type=\"widget\" data-settings=\"{&quot;default_state&quot;:&quot;expanded&quot;,&quot;max_items_expended&quot;:&quot;one&quot;,&quot;n_accordion_animation_duration&quot;:{&quot;unit&quot;:&quot;ms&quot;,&quot;size&quot;:400,&quot;sizes&quot;:[]}}\" data-widget_type=\"nested-accordion.default\">\n\t\t\t\t<div class=\"elementor-widget-container\">\n\t\t\t\t\t\t\t<div class=\"e-n-accordion\" aria-label=\"Accordion. Open links with Enter or Space, close with Escape, and navigate with Arrow Keys\">\n\t\t\t\t\t\t<details id=\"e-n-accordion-item-2430\" class=\"e-n-accordion-item\" open>\n\t\t\t\t<summary class=\"e-n-accordion-item-title\" data-accordion-index=\"1\" tabindex=\"0\" aria-expanded=\"true\" aria-controls=\"e-n-accordion-item-2430\" >\n\t\t\t\t\t<span class='e-n-accordion-item-title-header'><div class=\"e-n-accordion-item-title-text\"> When did he first realize he had psychic abilities? <\/div><\/span>\n\t\t\t\t\t\t\t<span class='e-n-accordion-item-title-icon'>\n\t\t\t<span class='e-opened' ><svg aria-hidden=\"true\" class=\"e-font-icon-svg e-fas-minus\" viewbox=\"0 0 448 512\" xmlns=\"http:\/\/www.w3.org\/2000\/svg\"><path d=\"M416 208H32c-17.67 0-32 14.33-32 32v32c0 17.67 14.33 32 32 32h384c17.67 0 32-14.33 32-32v-32c0-17.67-14.33-32-32-32z\"><\/path><\/svg><\/span>\n\t\t\t<span class='e-closed'><svg aria-hidden=\"true\" class=\"e-font-icon-svg e-fas-plus\" viewbox=\"0 0 448 512\" xmlns=\"http:\/\/www.w3.org\/2000\/svg\"><path d=\"M416 208H272V64c0-17.67-14.33-32-32-32h-32c-17.67 0-32 14.33-32 32v144H32c-17.67 0-32 14.33-32 32v32c0 17.67 14.33 32 32 32h144v144c0 17.67 14.33 32 32 32h32c17.67 0 32-14.33 32-32V304h144c17.67 0 32-14.33 32-32v-32c0-17.67-14.33-32-32-32z\"><\/path><\/svg><\/span>\n\t\t<\/span>\n\n\t\t\t\t\t\t<\/summary>\n\t\t\t\t<div role=\"region\" aria-labelledby=\"e-n-accordion-item-2430\" class=\"elementor-element elementor-element-d17b733 e-con-full e-flex e-con e-child\" data-id=\"d17b733\" data-element_type=\"container\" data-e-type=\"container\">\n\t\t\t\t<div class=\"elementor-element elementor-element-80d2e84 elementor-widget elementor-widget-text-editor\" data-id=\"80d2e84\" data-element_type=\"widget\" data-e-type=\"widget\" data-widget_type=\"text-editor.default\">\n\t\t\t\t<div class=\"elementor-widget-container\">\n\t\t\t\t\t\t\t\t\t<p>He was seven years old when he started to know what was happening in people\u2019s lives. Without a word from them, he could tell what bothered them and how sad they felt\u2014even when they were smiling at him as a young child.<br \/>He started to know the truth whenever the truth was hidden from him. As a very young child in Buenos Aires, one day as he was watching TV, he had a vision that foresaw the consequences of the 1976 military coup in Argentina two years before it happened.<\/p>\t\t\t\t\t\t\t\t<\/div>\n\t\t\t\t<\/div>\n\t\t\t\t<\/div>\n\t\t\t\t\t<\/details>\n\t\t\t\t\t\t<details id=\"e-n-accordion-item-2431\" class=\"e-n-accordion-item\" >\n\t\t\t\t<summary class=\"e-n-accordion-item-title\" data-accordion-index=\"2\" tabindex=\"-1\" aria-expanded=\"false\" aria-controls=\"e-n-accordion-item-2431\" >\n\t\t\t\t\t<span class='e-n-accordion-item-title-header'><div class=\"e-n-accordion-item-title-text\"> What is the ideal way to prepare for a reading? <\/div><\/span>\n\t\t\t\t\t\t\t<span class='e-n-accordion-item-title-icon'>\n\t\t\t<span class='e-opened' ><svg aria-hidden=\"true\" class=\"e-font-icon-svg e-fas-minus\" viewbox=\"0 0 448 512\" xmlns=\"http:\/\/www.w3.org\/2000\/svg\"><path d=\"M416 208H32c-17.67 0-32 14.33-32 32v32c0 17.67 14.33 32 32 32h384c17.67 0 32-14.33 32-32v-32c0-17.67-14.33-32-32-32z\"><\/path><\/svg><\/span>\n\t\t\t<span class='e-closed'><svg aria-hidden=\"true\" class=\"e-font-icon-svg e-fas-plus\" viewbox=\"0 0 448 512\" xmlns=\"http:\/\/www.w3.org\/2000\/svg\"><path d=\"M416 208H272V64c0-17.67-14.33-32-32-32h-32c-17.67 0-32 14.33-32 32v144H32c-17.67 0-32 14.33-32 32v32c0 17.67 14.33 32 32 32h144v144c0 17.67 14.33 32 32 32h32c17.67 0 32-14.33 32-32V304h144c17.67 0 32-14.33 32-32v-32c0-17.67-14.33-32-32-32z\"><\/path><\/svg><\/span>\n\t\t<\/span>\n\n\t\t\t\t\t\t<\/summary>\n\t\t\t\t<div role=\"region\" aria-labelledby=\"e-n-accordion-item-2431\" class=\"elementor-element elementor-element-9308353 e-con-full e-flex e-con e-child\" data-id=\"9308353\" data-element_type=\"container\" data-e-type=\"container\">\n\t\t\t\t<div class=\"elementor-element elementor-element-f5d168d elementor-widget elementor-widget-text-editor\" data-id=\"f5d168d\" data-element_type=\"widget\" data-e-type=\"widget\" data-widget_type=\"text-editor.default\">\n\t\t\t\t<div class=\"elementor-widget-container\">\n\t\t\t\t\t\t\t\t\t<p>If you feel that any of the services that NestorI provides might be useful to your needs, a reading\u2014whether Tarot or intuitive reading\u2014can be helpful. Tarot is especially insightful as a large spectrum reading, and intuitive readings work well for a direct, issue-oriented reading. In any case, readings are not for curious people, but for people who are in need of one. Nestor\u2019s experience has shown him that, while some readings bring good news, others do not. Therefore, he would not suggest having a reading done for entertainment only but rather as philosophical discussion about life issues.<\/p>\t\t\t\t\t\t\t\t<\/div>\n\t\t\t\t<\/div>\n\t\t\t\t<\/div>\n\t\t\t\t\t<\/details>\n\t\t\t\t\t\t<details id=\"e-n-accordion-item-2432\" class=\"e-n-accordion-item\" >\n\t\t\t\t<summary class=\"e-n-accordion-item-title\" data-accordion-index=\"3\" tabindex=\"-1\" aria-expanded=\"false\" aria-controls=\"e-n-accordion-item-2432\" >\n\t\t\t\t\t<span class='e-n-accordion-item-title-header'><div class=\"e-n-accordion-item-title-text\"> How does shamanism relate to western medicine? <\/div><\/span>\n\t\t\t\t\t\t\t<span class='e-n-accordion-item-title-icon'>\n\t\t\t<span class='e-opened' ><svg aria-hidden=\"true\" class=\"e-font-icon-svg e-fas-minus\" viewbox=\"0 0 448 512\" xmlns=\"http:\/\/www.w3.org\/2000\/svg\"><path d=\"M416 208H32c-17.67 0-32 14.33-32 32v32c0 17.67 14.33 32 32 32h384c17.67 0 32-14.33 32-32v-32c0-17.67-14.33-32-32-32z\"><\/path><\/svg><\/span>\n\t\t\t<span class='e-closed'><svg aria-hidden=\"true\" class=\"e-font-icon-svg e-fas-plus\" viewbox=\"0 0 448 512\" xmlns=\"http:\/\/www.w3.org\/2000\/svg\"><path d=\"M416 208H272V64c0-17.67-14.33-32-32-32h-32c-17.67 0-32 14.33-32 32v144H32c-17.67 0-32 14.33-32 32v32c0 17.67 14.33 32 32 32h144v144c0 17.67 14.33 32 32 32h32c17.67 0 32-14.33 32-32V304h144c17.67 0 32-14.33 32-32v-32c0-17.67-14.33-32-32-32z\"><\/path><\/svg><\/span>\n\t\t<\/span>\n\n\t\t\t\t\t\t<\/summary>\n\t\t\t\t<div role=\"region\" aria-labelledby=\"e-n-accordion-item-2432\" class=\"elementor-element elementor-element-79021a8 e-con-full e-flex e-con e-child\" data-id=\"79021a8\" data-element_type=\"container\" data-e-type=\"container\">\n\t\t\t\t<div class=\"elementor-element elementor-element-8a3b21b elementor-widget elementor-widget-text-editor\" data-id=\"8a3b21b\" data-element_type=\"widget\" data-e-type=\"widget\" data-widget_type=\"text-editor.default\">\n\t\t\t\t<div class=\"elementor-widget-container\">\n\t\t\t\t\t\t\t\t\t<p>Although Nestor is a pragmatic believer, he has  experienced some miracles himself in cases where people were doomed by western medicine, legal advisors, and\/or by society itself.  He believes in science as much as he believes in spirituality\u2014without conflict, but rather as one. They are part of our human construction like the physical form we have.<\/p>\t\t\t\t\t\t\t\t<\/div>\n\t\t\t\t<\/div>\n\t\t\t\t<\/div>\n\t\t\t\t\t<\/details>\n\t\t\t\t\t\t<details id=\"e-n-accordion-item-2433\" class=\"e-n-accordion-item\" >\n\t\t\t\t<summary class=\"e-n-accordion-item-title\" data-accordion-index=\"4\" tabindex=\"-1\" aria-expanded=\"false\" aria-controls=\"e-n-accordion-item-2433\" >\n\t\t\t\t\t<span class='e-n-accordion-item-title-header'><div class=\"e-n-accordion-item-title-text\"> How has Nestor\u2019s education helped him with this work? <\/div><\/span>\n\t\t\t\t\t\t\t<span class='e-n-accordion-item-title-icon'>\n\t\t\t<span class='e-opened' ><svg aria-hidden=\"true\" class=\"e-font-icon-svg e-fas-minus\" viewbox=\"0 0 448 512\" xmlns=\"http:\/\/www.w3.org\/2000\/svg\"><path d=\"M416 208H32c-17.67 0-32 14.33-32 32v32c0 17.67 14.33 32 32 32h384c17.67 0 32-14.33 32-32v-32c0-17.67-14.33-32-32-32z\"><\/path><\/svg><\/span>\n\t\t\t<span class='e-closed'><svg aria-hidden=\"true\" class=\"e-font-icon-svg e-fas-plus\" viewbox=\"0 0 448 512\" xmlns=\"http:\/\/www.w3.org\/2000\/svg\"><path d=\"M416 208H272V64c0-17.67-14.33-32-32-32h-32c-17.67 0-32 14.33-32 32v144H32c-17.67 0-32 14.33-32 32v32c0 17.67 14.33 32 32 32h144v144c0 17.67 14.33 32 32 32h32c17.67 0 32-14.33 32-32V304h144c17.67 0 32-14.33 32-32v-32c0-17.67-14.33-32-32-32z\"><\/path><\/svg><\/span>\n\t\t<\/span>\n\n\t\t\t\t\t\t<\/summary>\n\t\t\t\t<div role=\"region\" aria-labelledby=\"e-n-accordion-item-2433\" class=\"elementor-element elementor-element-eecb693 e-con-full e-flex e-con e-child\" data-id=\"eecb693\" data-element_type=\"container\" data-e-type=\"container\">\n\t\t\t\t<div class=\"elementor-element elementor-element-90d7f01 elementor-widget elementor-widget-text-editor\" data-id=\"90d7f01\" data-element_type=\"widget\" data-e-type=\"widget\" data-widget_type=\"text-editor.default\">\n\t\t\t\t<div class=\"elementor-widget-container\">\n\t\t\t\t\t\t\t\t\t<p>Nestor\u2019s readings have been very helpful in attaining a sociology degree. They have helped him to understand that the same visions he had were part of the construction of our world.<br \/>Thus, enriching his skills at understanding, that our spirituality and social sciences are two ways of understanding the same life issues. Many of the Anthropology studies he read and explored had also helped him value the need we all have to deeply reach inside ourselves to better understand the world around us, which in turn is our world, the one that makes us feel the way we do.<\/p>\t\t\t\t\t\t\t\t<\/div>\n\t\t\t\t<\/div>\n\t\t\t\t<\/div>\n\t\t\t\t\t<\/details>\n\t\t\t\t\t\t<details id=\"e-n-accordion-item-2434\" class=\"e-n-accordion-item\" >\n\t\t\t\t<summary class=\"e-n-accordion-item-title\" data-accordion-index=\"5\" tabindex=\"-1\" aria-expanded=\"false\" aria-controls=\"e-n-accordion-item-2434\" >\n\t\t\t\t\t<span class='e-n-accordion-item-title-header'><div class=\"e-n-accordion-item-title-text\"> What are some of the things Nestor cannot do? <\/div><\/span>\n\t\t\t\t\t\t\t<span class='e-n-accordion-item-title-icon'>\n\t\t\t<span class='e-opened' ><svg aria-hidden=\"true\" class=\"e-font-icon-svg e-fas-minus\" viewbox=\"0 0 448 512\" xmlns=\"http:\/\/www.w3.org\/2000\/svg\"><path d=\"M416 208H32c-17.67 0-32 14.33-32 32v32c0 17.67 14.33 32 32 32h384c17.67 0 32-14.33 32-32v-32c0-17.67-14.33-32-32-32z\"><\/path><\/svg><\/span>\n\t\t\t<span class='e-closed'><svg aria-hidden=\"true\" class=\"e-font-icon-svg e-fas-plus\" viewbox=\"0 0 448 512\" xmlns=\"http:\/\/www.w3.org\/2000\/svg\"><path d=\"M416 208H272V64c0-17.67-14.33-32-32-32h-32c-17.67 0-32 14.33-32 32v144H32c-17.67 0-32 14.33-32 32v32c0 17.67 14.33 32 32 32h144v144c0 17.67 14.33 32 32 32h32c17.67 0 32-14.33 32-32V304h144c17.67 0 32-14.33 32-32v-32c0-17.67-14.33-32-32-32z\"><\/path><\/svg><\/span>\n\t\t<\/span>\n\n\t\t\t\t\t\t<\/summary>\n\t\t\t\t<div role=\"region\" aria-labelledby=\"e-n-accordion-item-2434\" class=\"elementor-element elementor-element-a4d5d51 e-con-full e-flex e-con e-child\" data-id=\"a4d5d51\" data-element_type=\"container\" data-e-type=\"container\">\n\t\t\t\t<div class=\"elementor-element elementor-element-7765274 elementor-widget elementor-widget-text-editor\" data-id=\"7765274\" data-element_type=\"widget\" data-e-type=\"widget\" data-widget_type=\"text-editor.default\">\n\t\t\t\t<div class=\"elementor-widget-container\">\n\t\t\t\t\t\t\t\t\t<p>People had asked him to make them win the lottery, make them millionaires, have them married someone who did not love them, hurt their enemies. Such requests are outside his set of believes and values.<br \/>Nestor does not believe people can find richness in monetary wealth, but in a combination of all. He believes the best revenge against any enemy, is be good to yourself, there is no need to divert energy in negative harmful thoughts to achieve any good outcomes. Nestor strongly believes that to love and respect yourself is the best way to  be a faithful companion and a partner of your own dreams.  \nNestor believes and works with people who believe that there is a way to minimize negative impact of life misfortunes by highlighting their fortunes, and help to latch onto the probable vs. the impossible. \nMany have requested miracles, but as a spiritual helper for people, not a magician , miracles escape his abilities as they are an event of their own. He cannot deny that the combination of positive energy between two people or more can help for a miracle to happen.<\/p>\t\t\t\t\t\t\t\t<\/div>\n\t\t\t\t<\/div>\n\t\t\t\t<\/div>\n\t\t\t\t\t<\/details>\n\t\t\t\t\t<\/div>\n\t\t\t\t\t\t<\/div>\n\t\t\t\t<\/div>\n\t\t\t\t\t<\/div>\n\t\t\t\t<\/div>\n\t\t\t\t<\/div>","protected":false},"excerpt":{"rendered":"<p>FAQ Es comprensible que aquellos que no le conocen interpreten su tarea con escepticismo o duda.En la secci\u00f3n de preguntas frecuentes encontrar\u00e1 algunas respuestas a las preguntas que se hacen las personas que no le conocen. \u00bfCu\u00e1ndo se dio cuenta de que ten\u00eda habilidades ps\u00edquicas? Ten\u00eda siete a\u00f1os cuando comenc\u00e9 a saber lo que estaba [&hellip;]<\/p>\n","protected":false},"author":1,"featured_media":0,"parent":0,"menu_order":0,"comment_status":"closed","ping_status":"closed","template":"","meta":{"footnotes":""},"class_list":["post-106","page","type-page","status-publish","hentry"],"yoast_head":"<!-- This site is optimized with the Yoast SEO plugin v27.3 - https:\/\/yoast.com\/product\/yoast-seo-wordpress\/ -->\n<title>FAQ - N\u00e9stor Gaet\u00e1n<\/title>\n<meta name=\"robots\" content=\"index, follow, max-snippet:-1, max-image-preview:large, max-video-preview:-1\" \/>\n<link rel=\"canonical\" href=\"https:\/\/nestorgaetan.com\/en\/faq\/\" \/>\n<meta property=\"og:locale\" content=\"en_US\" \/>\n<meta property=\"og:type\" content=\"article\" \/>\n<meta property=\"og:title\" content=\"FAQ - N\u00e9stor Gaet\u00e1n\" \/>\n<meta property=\"og:description\" content=\"FAQ Es comprensible que aquellos que no le conocen interpreten su tarea con escepticismo o duda.En la secci\u00f3n de preguntas frecuentes encontrar\u00e1 algunas respuestas a las preguntas que se hacen las personas que no le conocen. \u00bfCu\u00e1ndo se dio cuenta de que ten\u00eda habilidades ps\u00edquicas? Ten\u00eda siete a\u00f1os cuando comenc\u00e9 a saber lo que estaba [&hellip;]\" \/>\n<meta property=\"og:url\" content=\"https:\/\/nestorgaetan.com\/en\/faq\/\" \/>\n<meta property=\"og:site_name\" content=\"N\u00e9stor Gaet\u00e1n\" \/>\n<meta property=\"article:publisher\" content=\"https:\/\/www.facebook.com\/nestor.gvision\" \/>\n<meta property=\"article:modified_time\" content=\"2025-05-23T13:41:58+00:00\" \/>\n<meta property=\"og:image\" content=\"https:\/\/nestorgaetan.com\/wp-content\/uploads\/2025\/05\/Spanishbanner01.jpg\" \/>\n\t<meta property=\"og:image:width\" content=\"1599\" \/>\n\t<meta property=\"og:image:height\" content=\"474\" \/>\n\t<meta property=\"og:image:type\" content=\"image\/jpeg\" \/>\n<meta name=\"twitter:card\" content=\"summary_large_image\" \/>\n<meta name=\"twitter:label1\" content=\"Est. reading time\" \/>\n\t<meta name=\"twitter:data1\" content=\"6 minutes\" \/>\n<script type=\"application\/ld+json\" class=\"yoast-schema-graph\">{\"@context\":\"https:\\\/\\\/schema.org\",\"@graph\":[{\"@type\":\"WebPage\",\"@id\":\"https:\\\/\\\/nestorgaetan.com\\\/faq\\\/\",\"url\":\"https:\\\/\\\/nestorgaetan.com\\\/faq\\\/\",\"name\":\"FAQ - N\u00e9stor Gaet\u00e1n\",\"isPartOf\":{\"@id\":\"https:\\\/\\\/nestorgaetan.com\\\/#website\"},\"datePublished\":\"2025-05-22T15:57:47+00:00\",\"dateModified\":\"2025-05-23T13:41:58+00:00\",\"breadcrumb\":{\"@id\":\"https:\\\/\\\/nestorgaetan.com\\\/faq\\\/#breadcrumb\"},\"inLanguage\":\"en-US\",\"potentialAction\":[{\"@type\":\"ReadAction\",\"target\":[\"https:\\\/\\\/nestorgaetan.com\\\/faq\\\/\"]}]},{\"@type\":\"BreadcrumbList\",\"@id\":\"https:\\\/\\\/nestorgaetan.com\\\/faq\\\/#breadcrumb\",\"itemListElement\":[{\"@type\":\"ListItem\",\"position\":1,\"name\":\"Home\",\"item\":\"https:\\\/\\\/nestorgaetan.com\\\/\"},{\"@type\":\"ListItem\",\"position\":2,\"name\":\"FAQ\"}]},{\"@type\":\"WebSite\",\"@id\":\"https:\\\/\\\/nestorgaetan.com\\\/#website\",\"url\":\"https:\\\/\\\/nestorgaetan.com\\\/\",\"name\":\"N\u00e9stor Gaet\u00e1n\",\"description\":\"\",\"publisher\":{\"@id\":\"https:\\\/\\\/nestorgaetan.com\\\/#organization\"},\"potentialAction\":[{\"@type\":\"SearchAction\",\"target\":{\"@type\":\"EntryPoint\",\"urlTemplate\":\"https:\\\/\\\/nestorgaetan.com\\\/?s={search_term_string}\"},\"query-input\":{\"@type\":\"PropertyValueSpecification\",\"valueRequired\":true,\"valueName\":\"search_term_string\"}}],\"inLanguage\":\"en-US\"},{\"@type\":\"Organization\",\"@id\":\"https:\\\/\\\/nestorgaetan.com\\\/#organization\",\"name\":\"N\u00e9stor Gaet\u00e1n\",\"url\":\"https:\\\/\\\/nestorgaetan.com\\\/\",\"logo\":{\"@type\":\"ImageObject\",\"inLanguage\":\"en-US\",\"@id\":\"https:\\\/\\\/nestorgaetan.com\\\/#\\\/schema\\\/logo\\\/image\\\/\",\"url\":\"https:\\\/\\\/nestorgaetan.com\\\/wp-content\\\/uploads\\\/2025\\\/05\\\/Spanishbanner01.jpg\",\"contentUrl\":\"https:\\\/\\\/nestorgaetan.com\\\/wp-content\\\/uploads\\\/2025\\\/05\\\/Spanishbanner01.jpg\",\"width\":1599,\"height\":474,\"caption\":\"N\u00e9stor Gaet\u00e1n\"},\"image\":{\"@id\":\"https:\\\/\\\/nestorgaetan.com\\\/#\\\/schema\\\/logo\\\/image\\\/\"},\"sameAs\":[\"https:\\\/\\\/www.facebook.com\\\/nestor.gvision\",\"https:\\\/\\\/instagram.com\\\/nestorgvision\"]}]}<\/script>\n<!-- \/ Yoast SEO plugin. -->","yoast_head_json":{"title":"FAQ - N\u00e9stor Gaet\u00e1n","robots":{"index":"index","follow":"follow","max-snippet":"max-snippet:-1","max-image-preview":"max-image-preview:large","max-video-preview":"max-video-preview:-1"},"canonical":"https:\/\/nestorgaetan.com\/en\/faq\/","og_locale":"en_US","og_type":"article","og_title":"FAQ - N\u00e9stor Gaet\u00e1n","og_description":"FAQ Es comprensible que aquellos que no le conocen interpreten su tarea con escepticismo o duda.En la secci\u00f3n de preguntas frecuentes encontrar\u00e1 algunas respuestas a las preguntas que se hacen las personas que no le conocen. \u00bfCu\u00e1ndo se dio cuenta de que ten\u00eda habilidades ps\u00edquicas? Ten\u00eda siete a\u00f1os cuando comenc\u00e9 a saber lo que estaba [&hellip;]","og_url":"https:\/\/nestorgaetan.com\/en\/faq\/","og_site_name":"N\u00e9stor Gaet\u00e1n","article_publisher":"https:\/\/www.facebook.com\/nestor.gvision","article_modified_time":"2025-05-23T13:41:58+00:00","og_image":[{"width":1599,"height":474,"url":"https:\/\/nestorgaetan.com\/wp-content\/uploads\/2025\/05\/Spanishbanner01.jpg","type":"image\/jpeg"}],"twitter_card":"summary_large_image","twitter_misc":{"Est. reading time":"6 minutes"},"schema":{"@context":"https:\/\/schema.org","@graph":[{"@type":"WebPage","@id":"https:\/\/nestorgaetan.com\/faq\/","url":"https:\/\/nestorgaetan.com\/faq\/","name":"FAQ - N\u00e9stor Gaet\u00e1n","isPartOf":{"@id":"https:\/\/nestorgaetan.com\/#website"},"datePublished":"2025-05-22T15:57:47+00:00","dateModified":"2025-05-23T13:41:58+00:00","breadcrumb":{"@id":"https:\/\/nestorgaetan.com\/faq\/#breadcrumb"},"inLanguage":"en-US","potentialAction":[{"@type":"ReadAction","target":["https:\/\/nestorgaetan.com\/faq\/"]}]},{"@type":"BreadcrumbList","@id":"https:\/\/nestorgaetan.com\/faq\/#breadcrumb","itemListElement":[{"@type":"ListItem","position":1,"name":"Home","item":"https:\/\/nestorgaetan.com\/"},{"@type":"ListItem","position":2,"name":"FAQ"}]},{"@type":"WebSite","@id":"https:\/\/nestorgaetan.com\/#website","url":"https:\/\/nestorgaetan.com\/","name":"Nestor Gaetan","description":"","publisher":{"@id":"https:\/\/nestorgaetan.com\/#organization"},"potentialAction":[{"@type":"SearchAction","target":{"@type":"EntryPoint","urlTemplate":"https:\/\/nestorgaetan.com\/?s={search_term_string}"},"query-input":{"@type":"PropertyValueSpecification","valueRequired":true,"valueName":"search_term_string"}}],"inLanguage":"en-US"},{"@type":"Organization","@id":"https:\/\/nestorgaetan.com\/#organization","name":"Nestor Gaetan","url":"https:\/\/nestorgaetan.com\/","logo":{"@type":"ImageObject","inLanguage":"en-US","@id":"https:\/\/nestorgaetan.com\/#\/schema\/logo\/image\/","url":"https:\/\/nestorgaetan.com\/wp-content\/uploads\/2025\/05\/Spanishbanner01.jpg","contentUrl":"https:\/\/nestorgaetan.com\/wp-content\/uploads\/2025\/05\/Spanishbanner01.jpg","width":1599,"height":474,"caption":"N\u00e9stor Gaet\u00e1n"},"image":{"@id":"https:\/\/nestorgaetan.com\/#\/schema\/logo\/image\/"},"sameAs":["https:\/\/www.facebook.com\/nestor.gvision","https:\/\/instagram.com\/nestorgvision"]}]}},"_links":{"self":[{"href":"https:\/\/nestorgaetan.com\/en\/wp-json\/wp\/v2\/pages\/106","targetHints":{"allow":["GET"]}}],"collection":[{"href":"https:\/\/nestorgaetan.com\/en\/wp-json\/wp\/v2\/pages"}],"about":[{"href":"https:\/\/nestorgaetan.com\/en\/wp-json\/wp\/v2\/types\/page"}],"author":[{"embeddable":true,"href":"https:\/\/nestorgaetan.com\/en\/wp-json\/wp\/v2\/users\/1"}],"replies":[{"embeddable":true,"href":"https:\/\/nestorgaetan.com\/en\/wp-json\/wp\/v2\/comments?post=106"}],"version-history":[{"count":13,"href":"https:\/\/nestorgaetan.com\/en\/wp-json\/wp\/v2\/pages\/106\/revisions"}],"predecessor-version":[{"id":168,"href":"https:\/\/nestorgaetan.com\/en\/wp-json\/wp\/v2\/pages\/106\/revisions\/168"}],"wp:attachment":[{"href":"https:\/\/nestorgaetan.com\/en\/wp-json\/wp\/v2\/media?parent=106"}],"curies":[{"name":"wp","href":"https:\/\/api.w.org\/{rel}","templated":true}]}}